{"id":256,"date":"2025-08-01T14:58:23","date_gmt":"2025-08-01T12:58:23","guid":{"rendered":"https:\/\/abauco.com\/p\/?page_id=256"},"modified":"2025-08-02T11:50:32","modified_gmt":"2025-08-02T09:50:32","slug":"lopezdehoyos","status":"publish","type":"page","link":"https:\/\/abauco.com\/p\/lopezdehoyos\/","title":{"rendered":"L\u00f3pez de Hoyos"},"content":{"rendered":"","protected":false},"excerpt":{"rendered":"","protected":false},"author":1,"featured_media":0,"parent":0,"menu_order":0,"comment_status":"closed","ping_status":"closed","template":"","meta":{"_acf_changed":false,"footnotes":""},"class_list":["post-256","page","type-page","status-publish","hentry"],"acf":[],"yoast_head":"<!-- This site is optimized with the Yoast SEO plugin v27.3 - https:\/\/yoast.com\/product\/yoast-seo-wordpress\/ -->\n<title>L\u00f3pez de Hoyos - Abauco<\/title>\n<meta name=\"description\" content=\"Conjunto residencial exclusivo de 20 viviendas en calle L\u00f3pez de Hoyos, en el epicentro del din\u00e1mico barrio de Arturo Soria, una de las zonas m\u00e1s conectadas, vibrantes y en transformaci\u00f3n de Madrid. Ideal tanto para j\u00f3venes que buscan su primera vivienda como para inversores que apuestan por una ubicaci\u00f3n estrat\u00e9gica y en auge.\" \/>\n<meta name=\"robots\" content=\"index, follow, max-snippet:-1, max-image-preview:large, max-video-preview:-1\" \/>\n<link rel=\"canonical\" href=\"https:\/\/abauco.com\/p\/lopezdehoyos\/\" \/>\n<meta property=\"og:locale\" content=\"es_ES\" \/>\n<meta property=\"og:type\" content=\"article\" \/>\n<meta property=\"og:title\" content=\"L\u00f3pez de Hoyos - Abauco\" \/>\n<meta property=\"og:description\" content=\"Conjunto residencial exclusivo de 20 viviendas en calle L\u00f3pez de Hoyos, en el epicentro del din\u00e1mico barrio de Arturo Soria, una de las zonas m\u00e1s conectadas, vibrantes y en transformaci\u00f3n de Madrid. Ideal tanto para j\u00f3venes que buscan su primera vivienda como para inversores que apuestan por una ubicaci\u00f3n estrat\u00e9gica y en auge.\" \/>\n<meta property=\"og:url\" content=\"https:\/\/abauco.com\/p\/lopezdehoyos\/\" \/>\n<meta property=\"og:site_name\" content=\"Abauco\" \/>\n<meta property=\"article:modified_time\" content=\"2025-08-02T09:50:32+00:00\" \/>\n<meta name=\"twitter:card\" content=\"summary_large_image\" \/>\n<script type=\"application\/ld+json\" class=\"yoast-schema-graph\">{\"@context\":\"https:\\\/\\\/schema.org\",\"@graph\":[{\"@type\":\"WebPage\",\"@id\":\"https:\\\/\\\/abauco.com\\\/p\\\/lopezdehoyos\\\/\",\"url\":\"https:\\\/\\\/abauco.com\\\/p\\\/lopezdehoyos\\\/\",\"name\":\"L\u00f3pez de Hoyos - Abauco\",\"isPartOf\":{\"@id\":\"https:\\\/\\\/abauco.com\\\/p\\\/#website\"},\"datePublished\":\"2025-08-01T12:58:23+00:00\",\"dateModified\":\"2025-08-02T09:50:32+00:00\",\"description\":\"Conjunto residencial exclusivo de 20 viviendas en calle L\u00f3pez de Hoyos, en el epicentro del din\u00e1mico barrio de Arturo Soria, una de las zonas m\u00e1s conectadas, vibrantes y en transformaci\u00f3n de Madrid. Ideal tanto para j\u00f3venes que buscan su primera vivienda como para inversores que apuestan por una ubicaci\u00f3n estrat\u00e9gica y en auge.\",\"breadcrumb\":{\"@id\":\"https:\\\/\\\/abauco.com\\\/p\\\/lopezdehoyos\\\/#breadcrumb\"},\"inLanguage\":\"es\",\"potentialAction\":[{\"@type\":\"ReadAction\",\"target\":[\"https:\\\/\\\/abauco.com\\\/p\\\/lopezdehoyos\\\/\"]}]},{\"@type\":\"BreadcrumbList\",\"@id\":\"https:\\\/\\\/abauco.com\\\/p\\\/lopezdehoyos\\\/#breadcrumb\",\"itemListElement\":[{\"@type\":\"ListItem\",\"position\":1,\"name\":\"Portada\",\"item\":\"https:\\\/\\\/abauco.com\\\/p\\\/\"},{\"@type\":\"ListItem\",\"position\":2,\"name\":\"L\u00f3pez de Hoyos\"}]},{\"@type\":\"WebSite\",\"@id\":\"https:\\\/\\\/abauco.com\\\/p\\\/#website\",\"url\":\"https:\\\/\\\/abauco.com\\\/p\\\/\",\"name\":\"Abauco\",\"description\":\"\",\"potentialAction\":[{\"@type\":\"SearchAction\",\"target\":{\"@type\":\"EntryPoint\",\"urlTemplate\":\"https:\\\/\\\/abauco.com\\\/p\\\/?s={search_term_string}\"},\"query-input\":{\"@type\":\"PropertyValueSpecification\",\"valueRequired\":true,\"valueName\":\"search_term_string\"}}],\"inLanguage\":\"es\"}]}<\/script>\n<!-- \/ Yoast SEO plugin. -->","yoast_head_json":{"title":"L\u00f3pez de Hoyos - Abauco","description":"Conjunto residencial exclusivo de 20 viviendas en calle L\u00f3pez de Hoyos, en el epicentro del din\u00e1mico barrio de Arturo Soria, una de las zonas m\u00e1s conectadas, vibrantes y en transformaci\u00f3n de Madrid. Ideal tanto para j\u00f3venes que buscan su primera vivienda como para inversores que apuestan por una ubicaci\u00f3n estrat\u00e9gica y en auge.","robots":{"index":"index","follow":"follow","max-snippet":"max-snippet:-1","max-image-preview":"max-image-preview:large","max-video-preview":"max-video-preview:-1"},"canonical":"https:\/\/abauco.com\/p\/lopezdehoyos\/","og_locale":"es_ES","og_type":"article","og_title":"L\u00f3pez de Hoyos - Abauco","og_description":"Conjunto residencial exclusivo de 20 viviendas en calle L\u00f3pez de Hoyos, en el epicentro del din\u00e1mico barrio de Arturo Soria, una de las zonas m\u00e1s conectadas, vibrantes y en transformaci\u00f3n de Madrid. Ideal tanto para j\u00f3venes que buscan su primera vivienda como para inversores que apuestan por una ubicaci\u00f3n estrat\u00e9gica y en auge.","og_url":"https:\/\/abauco.com\/p\/lopezdehoyos\/","og_site_name":"Abauco","article_modified_time":"2025-08-02T09:50:32+00:00","twitter_card":"summary_large_image","schema":{"@context":"https:\/\/schema.org","@graph":[{"@type":"WebPage","@id":"https:\/\/abauco.com\/p\/lopezdehoyos\/","url":"https:\/\/abauco.com\/p\/lopezdehoyos\/","name":"L\u00f3pez de Hoyos - Abauco","isPartOf":{"@id":"https:\/\/abauco.com\/p\/#website"},"datePublished":"2025-08-01T12:58:23+00:00","dateModified":"2025-08-02T09:50:32+00:00","description":"Conjunto residencial exclusivo de 20 viviendas en calle L\u00f3pez de Hoyos, en el epicentro del din\u00e1mico barrio de Arturo Soria, una de las zonas m\u00e1s conectadas, vibrantes y en transformaci\u00f3n de Madrid. Ideal tanto para j\u00f3venes que buscan su primera vivienda como para inversores que apuestan por una ubicaci\u00f3n estrat\u00e9gica y en auge.","breadcrumb":{"@id":"https:\/\/abauco.com\/p\/lopezdehoyos\/#breadcrumb"},"inLanguage":"es","potentialAction":[{"@type":"ReadAction","target":["https:\/\/abauco.com\/p\/lopezdehoyos\/"]}]},{"@type":"BreadcrumbList","@id":"https:\/\/abauco.com\/p\/lopezdehoyos\/#breadcrumb","itemListElement":[{"@type":"ListItem","position":1,"name":"Portada","item":"https:\/\/abauco.com\/p\/"},{"@type":"ListItem","position":2,"name":"L\u00f3pez de Hoyos"}]},{"@type":"WebSite","@id":"https:\/\/abauco.com\/p\/#website","url":"https:\/\/abauco.com\/p\/","name":"Abauco","description":"","potentialAction":[{"@type":"SearchAction","target":{"@type":"EntryPoint","urlTemplate":"https:\/\/abauco.com\/p\/?s={search_term_string}"},"query-input":{"@type":"PropertyValueSpecification","valueRequired":true,"valueName":"search_term_string"}}],"inLanguage":"es"}]}},"_links":{"self":[{"href":"https:\/\/abauco.com\/p\/wp-json\/wp\/v2\/pages\/256","targetHints":{"allow":["GET"]}}],"collection":[{"href":"https:\/\/abauco.com\/p\/wp-json\/wp\/v2\/pages"}],"about":[{"href":"https:\/\/abauco.com\/p\/wp-json\/wp\/v2\/types\/page"}],"author":[{"embeddable":true,"href":"https:\/\/abauco.com\/p\/wp-json\/wp\/v2\/users\/1"}],"replies":[{"embeddable":true,"href":"https:\/\/abauco.com\/p\/wp-json\/wp\/v2\/comments?post=256"}],"version-history":[{"count":8,"href":"https:\/\/abauco.com\/p\/wp-json\/wp\/v2\/pages\/256\/revisions"}],"predecessor-version":[{"id":289,"href":"https:\/\/abauco.com\/p\/wp-json\/wp\/v2\/pages\/256\/revisions\/289"}],"wp:attachment":[{"href":"https:\/\/abauco.com\/p\/wp-json\/wp\/v2\/media?parent=256"}],"curies":[{"name":"wp","href":"https:\/\/api.w.org\/{rel}","templated":true}]}}